{"id":2129,"date":"2014-03-31T06:26:25","date_gmt":"2014-03-31T06:26:25","guid":{"rendered":"http:\/\/themenectar.com\/demo\/salient-frostwave\/?page_id=2129"},"modified":"2016-06-07T20:29:04","modified_gmt":"2016-06-07T23:29:04","slug":"home-basic","status":"publish","type":"page","link":"https:\/\/mecengenharia.net.br\/site\/","title":{"rendered":"Home"},"content":{"rendered":"[vc_row type=&#8221;in_container&#8221; scene_position=&#8221;center&#8221; text_color=&#8221;dark&#8221; text_align=&#8221;left&#8221; overlay_strength=&#8221;0.3&#8243;][vc_column column_padding=&#8221;no-extra-padding&#8221; column_padding_position=&#8221;all&#8221; background_color_opacity=&#8221;1&#8243; background_hover_color_opacity=&#8221;1&#8243; width=&#8221;1\/1&#8243;]<style type=\"text\/css\">#nectar-slider-instance-1, #nectar-slider-instance-1 .swiper-container { height: calc( 450 * 100vw \/ 1600 ); } <\/style><div data-midnight=\"nectar-slider\" class=\"parallax_slider_outer \"><div  data-transition=\"slide\" data-overall_style=\"classic\" data-flexible-height=\"true\" data-animate-in-effect=\"none\" data-fullscreen=\"false\" data-button-sizing=\"regular\" data-button-styling=\"btn_with_count\" data-autorotate=\"\" data-parallax=\"true\" data-parallax-disable-mobile=\"\" data-caption-trans=\"fade_in_from_bottom\" data-parallax-style=\"bg_only\" data-bg-animation=\"none\" data-full-width=\"true\" class=\"nectar-slider-wrap \" id=\"nectar-slider-instance-1\"><div class=\"swiper-container\"  data-tho=\"auto\" data-tco=\"auto\" data-pho=\"auto\" data-pco=\"auto\" data-loop=\"true\" data-height=\"450\" data-min-height=\"\" data-arrows=\"true\" data-bullets=\"true\" data-bullet_style=\"see_through\" data-bullet_position=\"bottom\" data-desktop-swipe=\"true\" data-settings=\"\"> <div class=\"swiper-wrapper\"><div class=\"swiper-slide\" data-desktop-content-width=\"\" data-tablet-content-width=\"\" data-bg-alignment=\"center\" data-color-scheme=\"light\" data-x-pos=\"left\" data-y-pos=\"middle\" ><div class=\"slide-bg-wrap\"><div class=\"image-bg\" style=\"background-image: url(https:\/\/mecengenharia.net.br\/site\/wp-content\/uploads\/2016\/04\/banner-maceng0052.png);\"> &nbsp; <\/div><\/div><div class=\"video-texture \"> <span class=\"ie-fix\"><\/span> <\/div><\/div> <!--\/swiper-slide--><div class=\"swiper-slide\" data-desktop-content-width=\"\" data-tablet-content-width=\"\" data-bg-alignment=\"center\" data-color-scheme=\"light\" data-x-pos=\"left\" data-y-pos=\"middle\" ><div class=\"slide-bg-wrap\"><div class=\"image-bg\" style=\"background-image: url(https:\/\/mecengenharia.net.br\/site\/wp-content\/uploads\/2016\/04\/banner-maceng0024.png);\"> &nbsp; <\/div><\/div><div class=\"video-texture \"> <span class=\"ie-fix\"><\/span> <\/div><\/div> <!--\/swiper-slide--><div class=\"swiper-slide\" data-desktop-content-width=\"\" data-tablet-content-width=\"\" data-bg-alignment=\"center\" data-color-scheme=\"light\" data-x-pos=\"left\" data-y-pos=\"middle\" ><div class=\"slide-bg-wrap\"><div class=\"image-bg\" style=\"background-image: url(https:\/\/mecengenharia.net.br\/site\/wp-content\/uploads\/2016\/04\/banner-maceng0023.png);\"> &nbsp; <\/div><\/div><div class=\"video-texture \"> <span class=\"ie-fix\"><\/span> <\/div><\/div> <!--\/swiper-slide--><div class=\"swiper-slide\" data-desktop-content-width=\"\" data-tablet-content-width=\"\" data-bg-alignment=\"center\" data-color-scheme=\"light\" data-x-pos=\"left\" data-y-pos=\"middle\" ><div class=\"slide-bg-wrap\"><div class=\"image-bg\" style=\"background-image: url(https:\/\/mecengenharia.net.br\/site\/wp-content\/uploads\/2016\/04\/banner-maceng0022.png);\"> &nbsp; <\/div><\/div><div class=\"video-texture \"> <span class=\"ie-fix\"><\/span> <\/div><\/div> <!--\/swiper-slide--><div class=\"swiper-slide\" data-desktop-content-width=\"\" data-tablet-content-width=\"\" data-bg-alignment=\"center\" data-color-scheme=\"light\" data-x-pos=\"left\" data-y-pos=\"middle\" ><div class=\"slide-bg-wrap\"><div class=\"image-bg\" style=\"background-image: url(https:\/\/mecengenharia.net.br\/site\/wp-content\/uploads\/2016\/04\/banner-maceng0032.png);\"> &nbsp; <\/div><\/div><div class=\"video-texture \"> <span class=\"ie-fix\"><\/span> <\/div><\/div> <!--\/swiper-slide--><div class=\"swiper-slide\" data-desktop-content-width=\"\" data-tablet-content-width=\"\" data-bg-alignment=\"center\" data-color-scheme=\"light\" data-x-pos=\"left\" data-y-pos=\"middle\" ><div class=\"slide-bg-wrap\"><div class=\"image-bg\" style=\"background-image: url(https:\/\/mecengenharia.net.br\/site\/wp-content\/uploads\/2016\/04\/banner-maceng0042.png);\"> &nbsp; <\/div><\/div><div class=\"video-texture \"> <span class=\"ie-fix\"><\/span> <\/div><\/div> <!--\/swiper-slide--><\/div><a href=\"#\" class=\"slider-prev\"><i class=\"icon-salient-left-arrow\"><\/i> <div class=\"slide-count\"> <span class=\"slide-current\">1<\/span> <i class=\"icon-salient-right-line\"><\/i> <span class=\"slide-total\"><\/span> <\/div> <\/a>\n\t\t\t\t\t\t<a href=\"#\" class=\"slider-next\"><i class=\"icon-salient-right-arrow\"><\/i> <div class=\"slide-count\"> <span class=\"slide-current\">1<\/span> <i class=\"icon-salient-right-line\"><\/i> <span class=\"slide-total\"><\/span> <\/div> <\/a><div class=\"container normal-container slider-pagination-wrap\"><div class=\"slider-pagination\"><\/div><\/div><div class=\"nectar-slider-loading \"> <span class=\"loading-icon none\">   <\/span> <\/div> <\/div> \n\t\t\t\t\t\n\t\t\t\t\t<\/div><\/div>[\/vc_column][\/vc_row][vc_row type=&#8221;full_width_background&#8221; bg_color=&#8221;#ffffff&#8221; scene_position=&#8221;center&#8221; text_color=&#8221;dark&#8221; text_align=&#8221;left&#8221; top_padding=&#8221;90&#8243; bottom_padding=&#8221;90&#8243; overlay_strength=&#8221;0.3&#8243;][vc_column enable_animation=&#8221;true&#8221; animation=&#8221;fade-in&#8221; centered_text=&#8221;true&#8221; column_padding=&#8221;no-extra-padding&#8221; column_padding_position=&#8221;all&#8221; background_color_opacity=&#8221;1&#8243; background_hover_color_opacity=&#8221;1&#8243; width=&#8221;1\/3&#8243;][vc_row_inner][vc_column_inner enable_animation=&#8221;true&#8221; animation=&#8221;fade-in&#8221; column_padding=&#8221;no-extra-padding&#8221; column_padding_position=&#8221;all&#8221; background_color_opacity=&#8221;1&#8243; width=&#8221;1\/1&#8243; delay=&#8221;400&#8243;][vc_column_text]<a href=\"http:\/\/mecengenharia.net.br\/site\/quem-somos\/\"><i class=\"icon-3x fa fa-users extra-color-1\"><i class=\"circle-border\"><\/i><\/i><\/a>[\/vc_column_text][\/vc_column_inner][\/vc_row_inner][vc_column_text]\n<h3><a href=\"http:\/\/mecengenharia.net.br\/site\/quem-somos\/\">Quem Somos<\/a><\/h3>\n<p><a href=\"http:\/\/mecengenharia.net.br\/site\/quem-somos\/\">Fundada em outubro de 2005 a MEC Engenharia tem em seu quadro de s\u00f3cios profissionais com experi\u00eancia comprovada nas \u00e1reas de constru\u00e7\u00e3o, montagem e inspe\u00e7\u00e3o de dutos.<\/a>[\/vc_column_text][\/vc_column][vc_column enable_animation=&#8221;true&#8221; animation=&#8221;fade-in&#8221; centered_text=&#8221;true&#8221; column_padding=&#8221;no-extra-padding&#8221; column_padding_position=&#8221;all&#8221; background_color_opacity=&#8221;1&#8243; background_hover_color_opacity=&#8221;1&#8243; width=&#8221;1\/3&#8243; delay=&#8221;200&#8243;][vc_row_inner][vc_column_inner enable_animation=&#8221;true&#8221; animation=&#8221;fade-in&#8221; column_padding=&#8221;no-extra-padding&#8221; column_padding_position=&#8221;all&#8221; background_color_opacity=&#8221;1&#8243; width=&#8221;1\/1&#8243; delay=&#8221;600&#8243;][vc_column_text]<a href=\"http:\/\/mecengenharia.net.br\/site\/servicos\/\"><i class=\"icon-3x fa fa-cogs extra-color-1\"><i class=\"circle-border\"><\/i><\/i><\/a>[\/vc_column_text][\/vc_column_inner][\/vc_row_inner][vc_column_text]\n<h3><a href=\"http:\/\/mecengenharia.net.br\/site\/servicos\/\">Servi\u00e7os<\/a><\/h3>\n<p><a href=\"http:\/\/mecengenharia.net.br\/site\/servicos\/\">A MEC Engenharia presta servi\u00e7os como elabora\u00e7\u00e3o de projetos, fiscaliza\u00e7\u00e3o de obras de gasodutos, licen\u00e7as ambientais, elabora\u00e7\u00e3o da EIA\/RIMA e outros.<\/a>[\/vc_column_text][\/vc_column][vc_column column_padding=&#8221;no-extra-padding&#8221; column_padding_position=&#8221;all&#8221; background_color_opacity=&#8221;1&#8243; background_hover_color_opacity=&#8221;1&#8243; width=&#8221;1\/3&#8243;][vc_row_inner][vc_column_inner enable_animation=&#8221;true&#8221; animation=&#8221;fade-in&#8221; column_padding=&#8221;no-extra-padding&#8221; column_padding_position=&#8221;all&#8221; background_color_opacity=&#8221;1&#8243; width=&#8221;1\/1&#8243; delay=&#8221;1000&#8243;][vc_column_text]\n<p style=\"text-align: center;\"><img loading=\"lazy\" decoding=\"async\" class=\"alignnone size-medium wp-image-2772\" src=\"http:\/\/mecengenharia.net.br\/site\/wp-content\/uploads\/2014\/03\/imagem-home-300x213.png\" alt=\"imagem-home\" width=\"300\" height=\"213\" srcset=\"https:\/\/mecengenharia.net.br\/site\/wp-content\/uploads\/2014\/03\/imagem-home-300x213.png 300w, https:\/\/mecengenharia.net.br\/site\/wp-content\/uploads\/2014\/03\/imagem-home.png 336w\" sizes=\"(max-width: 300px) 100vw, 300px\" \/><\/p>\n[\/vc_column_text][\/vc_column_inner][\/vc_row_inner][\/vc_column][\/vc_row]\n","protected":false},"excerpt":{"rendered":"<p>[vc_row type=&#8221;in_container&#8221; scene_position=&#8221;center&#8221; text_color=&#8221;dark&#8221; text_align=&#8221;left&#8221; overlay_strength=&#8221;0.3&#8243;][vc_column column_padding=&#8221;no-extra-padding&#8221; column_padding_position=&#8221;all&#8221; background_color_opacity=&#8221;1&#8243; background_hover_color_opacity=&#8221;1&#8243; width=&#8221;1\/1&#8243;][\/vc_column][\/vc_row][vc_row type=&#8221;full_width_background&#8221; bg_color=&#8221;#ffffff&#8221; scene_position=&#8221;center&#8221; text_color=&#8221;dark&#8221; text_align=&#8221;left&#8221; top_padding=&#8221;90&#8243; bottom_padding=&#8221;90&#8243; overlay_strength=&#8221;0.3&#8243;][vc_column enable_animation=&#8221;true&#8221; animation=&#8221;fade-in&#8221; centered_text=&#8221;true&#8221; column_padding=&#8221;no-extra-padding&#8221; column_padding_position=&#8221;all&#8221; background_color_opacity=&#8221;1&#8243; background_hover_color_opacity=&#8221;1&#8243; width=&#8221;1\/3&#8243;][vc_row_inner][vc_column_inner enable_animation=&#8221;true&#8221; animation=&#8221;fade-in&#8221; column_padding=&#8221;no-extra-padding&#8221;&#8230;<\/p>\n","protected":false},"author":1,"featured_media":3052,"parent":0,"menu_order":9,"comment_status":"open","ping_status":"open","template":"","meta":{"footnotes":""},"_links":{"self":[{"href":"https:\/\/mecengenharia.net.br\/site\/wp-json\/wp\/v2\/pages\/2129"}],"collection":[{"href":"https:\/\/mecengenharia.net.br\/site\/wp-json\/wp\/v2\/pages"}],"about":[{"href":"https:\/\/mecengenharia.net.br\/site\/wp-json\/wp\/v2\/types\/page"}],"author":[{"embeddable":true,"href":"https:\/\/mecengenharia.net.br\/site\/wp-json\/wp\/v2\/users\/1"}],"replies":[{"embeddable":true,"href":"https:\/\/mecengenharia.net.br\/site\/wp-json\/wp\/v2\/comments?post=2129"}],"version-history":[{"count":15,"href":"https:\/\/mecengenharia.net.br\/site\/wp-json\/wp\/v2\/pages\/2129\/revisions"}],"predecessor-version":[{"id":3147,"href":"https:\/\/mecengenharia.net.br\/site\/wp-json\/wp\/v2\/pages\/2129\/revisions\/3147"}],"wp:featuredmedia":[{"embeddable":true,"href":"https:\/\/mecengenharia.net.br\/site\/wp-json\/wp\/v2\/media\/3052"}],"wp:attachment":[{"href":"https:\/\/mecengenharia.net.br\/site\/wp-json\/wp\/v2\/media?parent=2129"}],"curies":[{"name":"wp","href":"https:\/\/api.w.org\/{rel}","templated":true}]}}