{"id":2617,"date":"2016-04-12T17:38:58","date_gmt":"2016-04-12T20:38:58","guid":{"rendered":"http:\/\/mecengenharia.net.br\/site\/?page_id=2617"},"modified":"2016-04-15T10:01:59","modified_gmt":"2016-04-15T13:01:59","slug":"quem-somos","status":"publish","type":"page","link":"https:\/\/mecengenharia.net.br\/site\/quem-somos\/","title":{"rendered":"Quem Somos"},"content":{"rendered":"[vc_row type=&#8221;in_container&#8221; scene_position=&#8221;center&#8221; text_color=&#8221;dark&#8221; text_align=&#8221;left&#8221; overlay_strength=&#8221;0.3&#8243;][vc_column column_padding=&#8221;no-extra-padding&#8221; column_padding_position=&#8221;all&#8221; background_color_opacity=&#8221;1&#8243; background_hover_color_opacity=&#8221;1&#8243; width=&#8221;1\/1&#8243;][vc_column_text]\n<p style=\"text-align: justify;\"><img loading=\"lazy\" decoding=\"async\" class=\"wp-image-3102 alignright\" src=\"http:\/\/mecengenharia.net.br\/site\/wp-content\/uploads\/2016\/04\/page2.png\" alt=\"\" width=\"316\" height=\"316\" srcset=\"https:\/\/mecengenharia.net.br\/site\/wp-content\/uploads\/2016\/04\/page2.png 406w, https:\/\/mecengenharia.net.br\/site\/wp-content\/uploads\/2016\/04\/page2-150x150.png 150w, https:\/\/mecengenharia.net.br\/site\/wp-content\/uploads\/2016\/04\/page2-300x300.png 300w, https:\/\/mecengenharia.net.br\/site\/wp-content\/uploads\/2016\/04\/page2-50x50.png 50w, https:\/\/mecengenharia.net.br\/site\/wp-content\/uploads\/2016\/04\/page2-100x100.png 100w\" sizes=\"(max-width: 316px) 100vw, 316px\" \/>Fundada em outubro de 2005, a MEC ENGENHARIA LTDA, tem no seu quadro de s\u00f3cios profissionais com experi\u00eancia comprovada nas \u00e1reas de constru\u00e7\u00e3o, inspe\u00e7\u00e3o e montagem de dutos para g\u00e1s natural. Sediada no estado de Santa Catarina, com escrit\u00f3rio em Florian\u00f3polis, tem como objetivo atender clientes nos mais diversos setores, nas \u00e1reas da Engenharia Mec\u00e2nica, Civil, Saneamento e Ambiental, focada principalmente nos seguimentos de petr\u00f3leo, g\u00e1s natural, saneamento e meio ambiente, desenvolvendo atividades com qualidade, seguran\u00e7a e baixo custo.<\/p>\n<h3>Equipe T\u00e9cnica<\/h3>\n<p style=\"text-align: justify;\">A Empresa disp\u00f5e de profissionais especializados com experi\u00eancia comprovada no mercado para oferecer ao cliente uma assessoria personalizada, atingindo a mais alta qualidade nos servi\u00e7os prestados.<\/p>\n<p style=\"text-align: justify;\">Fornecemos equipe multidisciplinares com profissionais para atender obras e projetos al\u00e9m de toda assessoria t\u00e9cnica em soldagem, bem como qualifica\u00e7\u00f5es de Procedimentos de Soldagem e Soldadores, pois conta com experientes Inspetores de Soldagem N1 e N2 em seu quadro t\u00e9cnico.<\/p>\n<h3>Seguran\u00e7a \/ Meio Ambiente<\/h3>\n<p style=\"text-align: justify;\">A MEC ENGENHARIA executa suas atividades industriais e comerciais de maneira ambientalmente sustent\u00e1vel, promovendo a sa\u00fade e seguran\u00e7a dos funcion\u00e1rios e desenvolve seus servi\u00e7os em ambientes limpos e organizados.<\/p>\n[\/vc_column_text][\/vc_column][\/vc_row]\n","protected":false},"excerpt":{"rendered":"<p>[vc_row type=&#8221;in_container&#8221; scene_position=&#8221;center&#8221; text_color=&#8221;dark&#8221; text_align=&#8221;left&#8221; overlay_strength=&#8221;0.3&#8243;][vc_column column_padding=&#8221;no-extra-padding&#8221; column_padding_position=&#8221;all&#8221; background_color_opacity=&#8221;1&#8243; background_hover_color_opacity=&#8221;1&#8243; width=&#8221;1\/1&#8243;][vc_column_text] Fundada em outubro de 2005, a MEC ENGENHARIA LTDA, tem no seu quadro de s\u00f3cios profissionais com experi\u00eancia comprovada&#8230;<\/p>\n","protected":false},"author":1,"featured_media":0,"parent":0,"menu_order":0,"comment_status":"closed","ping_status":"closed","template":"","meta":{"footnotes":""},"_links":{"self":[{"href":"https:\/\/mecengenharia.net.br\/site\/wp-json\/wp\/v2\/pages\/2617"}],"collection":[{"href":"https:\/\/mecengenharia.net.br\/site\/wp-json\/wp\/v2\/pages"}],"about":[{"href":"https:\/\/mecengenharia.net.br\/site\/wp-json\/wp\/v2\/types\/page"}],"author":[{"embeddable":true,"href":"https:\/\/mecengenharia.net.br\/site\/wp-json\/wp\/v2\/users\/1"}],"replies":[{"embeddable":true,"href":"https:\/\/mecengenharia.net.br\/site\/wp-json\/wp\/v2\/comments?post=2617"}],"version-history":[{"count":8,"href":"https:\/\/mecengenharia.net.br\/site\/wp-json\/wp\/v2\/pages\/2617\/revisions"}],"predecessor-version":[{"id":3103,"href":"https:\/\/mecengenharia.net.br\/site\/wp-json\/wp\/v2\/pages\/2617\/revisions\/3103"}],"wp:attachment":[{"href":"https:\/\/mecengenharia.net.br\/site\/wp-json\/wp\/v2\/media?parent=2617"}],"curies":[{"name":"wp","href":"https:\/\/api.w.org\/{rel}","templated":true}]}}