{"id":2623,"date":"2016-04-12T17:41:12","date_gmt":"2016-04-12T20:41:12","guid":{"rendered":"http:\/\/mecengenharia.net.br\/site\/?page_id=2623"},"modified":"2016-04-14T18:50:49","modified_gmt":"2016-04-14T21:50:49","slug":"servicos","status":"publish","type":"page","link":"https:\/\/mecengenharia.net.br\/site\/servicos\/","title":{"rendered":"Servi\u00e7os"},"content":{"rendered":"[vc_row type=&#8221;in_container&#8221; scene_position=&#8221;center&#8221; text_color=&#8221;dark&#8221; text_align=&#8221;left&#8221; overlay_strength=&#8221;0.3&#8243;][vc_column column_padding=&#8221;no-extra-padding&#8221; column_padding_position=&#8221;all&#8221; background_color_opacity=&#8221;1&#8243; background_hover_color_opacity=&#8221;1&#8243; width=&#8221;1\/4&#8243;][vc_column_text]<img loading=\"lazy\" decoding=\"async\" class=\" wp-image-3089 aligncenter\" src=\"http:\/\/mecengenharia.net.br\/site\/wp-content\/uploads\/2016\/04\/03.png\" alt=\"03\" width=\"226\" height=\"690\" srcset=\"https:\/\/mecengenharia.net.br\/site\/wp-content\/uploads\/2016\/04\/03.png 285w, https:\/\/mecengenharia.net.br\/site\/wp-content\/uploads\/2016\/04\/03-98x300.png 98w\" sizes=\"(max-width: 226px) 100vw, 226px\" \/>[\/vc_column_text][\/vc_column][vc_column column_padding=&#8221;no-extra-padding&#8221; column_padding_position=&#8221;all&#8221; background_color_opacity=&#8221;1&#8243; background_hover_color_opacity=&#8221;1&#8243; width=&#8221;3\/4&#8243;][vc_column_text]\n<ul>\n<li>\n<h4>Estudos, Consultoria, Fiscaliza\u00e7\u00e3o e Gerenciamento de Obras de Gasoduto;<\/h4>\n<\/li>\n<li>\n<h4>Levantamento topogr\u00e1fico e projetos nas \u00e1reas de Petr\u00f3leo, G\u00e1s Natural, Saneamento e Meio Ambiente;<\/h4>\n<\/li>\n<li>\n<h4>Projetos, Diagn\u00f3sticos e Licen\u00e7as Ambientais (LAP, LAI e LAO);<\/h4>\n<\/li>\n<li>\n<h4>Elabora\u00e7\u00e3o de EIA\/RIMA;<\/h4>\n<\/li>\n<li>\n<h4>Recupera\u00e7\u00e3o e revegeta\u00e7\u00e3o de \u00e1reas degradadas, conten\u00e7\u00e3o de encostas, muro gabi\u00e3o, drenagem superficial de pistas e faixas de dom\u00ednio;<\/h4>\n<\/li>\n<li>\n<h4>Estudos e Medi\u00e7\u00f5es de Sistemas de Prote\u00e7\u00e3o Cat\u00f3dica para gasodutos, oleodutos, redes adutoras e outras;<\/h4>\n<\/li>\n<li>\n<h4>Manuten\u00e7\u00e3o, ro\u00e7ada e limpeza de faixas de dom\u00ednio;<\/h4>\n<\/li>\n<li>\n<h4>Desenvolvimento de projetos b\u00e1sicos e executivos de redes de dutos e servi\u00e7os &#8220;AS BUILT&#8221; (como constru\u00eddo);<\/h4>\n<\/li>\n<li>\n<h4>Manuten\u00e7\u00e3o e pintura industrial de tubula\u00e7\u00f5es de g\u00e1s, inc\u00eandio, escadas e estruturas met\u00e1licas a\u00e9reas;<\/h4>\n<\/li>\n<li>\n<h4>Constru\u00e7\u00e3o, montagem e soldagem de tubula\u00e7\u00f5es em A\u00e7o Carbono e PEAD (Polietileno Alta Densidade) pelos M\u00e9todos Destrutivos e N\u00e3o Destrutivos (Furo Direcional);<\/h4>\n<\/li>\n<li>\n<h4>Constru\u00e7\u00e3o, montagem e soldagem de ramais internos de g\u00e1s natural, GLP e inc\u00eandio com tubula\u00e7\u00e3o em a\u00e7o, PEAD ou cobre, nos seguimentos industrial, comercial e residencial, com laudos do Corpo de Bombeiros e ART;<\/h4>\n<\/li>\n<li>\n<h4>Servi\u00e7os de Inspe\u00e7\u00e3o de Solda N1 e N2, Inspe\u00e7\u00e3o de Dutos N1, Ensaio Visual de Solda, L\u00edquido Penetrante, Part\u00edcula Magn\u00e9tica e Ultrasom;<\/h4>\n<\/li>\n<li>\n<h4>Execu\u00e7\u00e3o de testes hidrost\u00e1ticos e pneum\u00e1ticos em redes de g\u00e1s natural e inc\u00eancio;<\/h4>\n<\/li>\n<li>\n<h4>Servi\u00e7os de trepana\u00e7\u00e3o ou Furo em Carga (Hot Tapping) em tubula\u00e7\u00f5es de a\u00e7o carbono e PEAD, at\u00e9 o DN 6&#8243;.<\/h4>\n<\/li>\n<\/ul>\n[\/vc_column_text][\/vc_column][\/vc_row]\n","protected":false},"excerpt":{"rendered":"<p>[vc_row type=&#8221;in_container&#8221; scene_position=&#8221;center&#8221; text_color=&#8221;dark&#8221; text_align=&#8221;left&#8221; overlay_strength=&#8221;0.3&#8243;][vc_column column_padding=&#8221;no-extra-padding&#8221; column_padding_position=&#8221;all&#8221; background_color_opacity=&#8221;1&#8243; background_hover_color_opacity=&#8221;1&#8243; width=&#8221;1\/4&#8243;][vc_column_text][\/vc_column_text][\/vc_column][vc_column column_padding=&#8221;no-extra-padding&#8221; column_padding_position=&#8221;all&#8221; background_color_opacity=&#8221;1&#8243; background_hover_color_opacity=&#8221;1&#8243; width=&#8221;3\/4&#8243;][vc_column_text] Estudos, Consultoria, Fiscaliza\u00e7\u00e3o e Gerenciamento de Obras de Gasoduto; Levantamento topogr\u00e1fico e projetos nas&#8230;<\/p>\n","protected":false},"author":1,"featured_media":0,"parent":0,"menu_order":0,"comment_status":"closed","ping_status":"closed","template":"","meta":{"footnotes":""},"_links":{"self":[{"href":"https:\/\/mecengenharia.net.br\/site\/wp-json\/wp\/v2\/pages\/2623"}],"collection":[{"href":"https:\/\/mecengenharia.net.br\/site\/wp-json\/wp\/v2\/pages"}],"about":[{"href":"https:\/\/mecengenharia.net.br\/site\/wp-json\/wp\/v2\/types\/page"}],"author":[{"embeddable":true,"href":"https:\/\/mecengenharia.net.br\/site\/wp-json\/wp\/v2\/users\/1"}],"replies":[{"embeddable":true,"href":"https:\/\/mecengenharia.net.br\/site\/wp-json\/wp\/v2\/comments?post=2623"}],"version-history":[{"count":13,"href":"https:\/\/mecengenharia.net.br\/site\/wp-json\/wp\/v2\/pages\/2623\/revisions"}],"predecessor-version":[{"id":3093,"href":"https:\/\/mecengenharia.net.br\/site\/wp-json\/wp\/v2\/pages\/2623\/revisions\/3093"}],"wp:attachment":[{"href":"https:\/\/mecengenharia.net.br\/site\/wp-json\/wp\/v2\/media?parent=2623"}],"curies":[{"name":"wp","href":"https:\/\/api.w.org\/{rel}","templated":true}]}}