{"id":2666,"date":"2016-04-12T22:48:44","date_gmt":"2016-04-13T01:48:44","guid":{"rendered":"http:\/\/mecengenharia.net.br\/site\/?page_id=2666"},"modified":"2016-04-15T13:17:19","modified_gmt":"2016-04-15T16:17:19","slug":"instalacao-e-conversao-de-gas-natural-residencial-e-comercial","status":"publish","type":"page","link":"https:\/\/mecengenharia.net.br\/site\/instalacao-e-conversao-de-gas-natural-residencial-e-comercial\/","title":{"rendered":"Instala\u00e7\u00e3o e Convers\u00e3o de G\u00e1s Natural Residencial e Comercial"},"content":{"rendered":"[vc_row type=&#8221;in_container&#8221; scene_position=&#8221;center&#8221; text_color=&#8221;dark&#8221; text_align=&#8221;left&#8221; overlay_strength=&#8221;0.3&#8243;][vc_column column_padding=&#8221;no-extra-padding&#8221; column_padding_position=&#8221;all&#8221; background_color_opacity=&#8221;1&#8243; background_hover_color_opacity=&#8221;1&#8243; width=&#8221;1\/1&#8243;][vc_column_text]\n<h3>Instala\u00e7\u00e3o e Convers\u00e3o de G\u00e1s Natural Residencial e Comercial<\/h3>\n[\/vc_column_text]<div class=\"divider-wrap\" data-alignment=\"default\"><div style=\"height: 20px;\" class=\"divider\"><\/div><\/div>[nectar_portfolio layout=&#8221;4&#8243; category=&#8221;instalacao-e-conversao-de-gas-natural-residencial-e-comercial&#8221; project_style=&#8221;4&#8243; masonry_style=&#8221;true&#8221; lightbox_only=&#8221;true&#8221; load_in_animation=&#8221;none&#8221;][\/vc_column][\/vc_row]\n","protected":false},"excerpt":{"rendered":"<p>[vc_row type=&#8221;in_container&#8221; scene_position=&#8221;center&#8221; text_color=&#8221;dark&#8221; text_align=&#8221;left&#8221; overlay_strength=&#8221;0.3&#8243;][vc_column column_padding=&#8221;no-extra-padding&#8221; column_padding_position=&#8221;all&#8221; background_color_opacity=&#8221;1&#8243; background_hover_color_opacity=&#8221;1&#8243; width=&#8221;1\/1&#8243;][vc_column_text] Instala\u00e7\u00e3o e Convers\u00e3o de G\u00e1s Natural Residencial e Comercial [\/vc_column_text][nectar_portfolio layout=&#8221;4&#8243; category=&#8221;instalacao-e-conversao-de-gas-natural-residencial-e-comercial&#8221; project_style=&#8221;4&#8243; masonry_style=&#8221;true&#8221; lightbox_only=&#8221;true&#8221; load_in_animation=&#8221;none&#8221;][\/vc_column][\/vc_row]<\/p>\n","protected":false},"author":1,"featured_media":0,"parent":0,"menu_order":0,"comment_status":"closed","ping_status":"closed","template":"","meta":{"footnotes":""},"_links":{"self":[{"href":"https:\/\/mecengenharia.net.br\/site\/wp-json\/wp\/v2\/pages\/2666"}],"collection":[{"href":"https:\/\/mecengenharia.net.br\/site\/wp-json\/wp\/v2\/pages"}],"about":[{"href":"https:\/\/mecengenharia.net.br\/site\/wp-json\/wp\/v2\/types\/page"}],"author":[{"embeddable":true,"href":"https:\/\/mecengenharia.net.br\/site\/wp-json\/wp\/v2\/users\/1"}],"replies":[{"embeddable":true,"href":"https:\/\/mecengenharia.net.br\/site\/wp-json\/wp\/v2\/comments?post=2666"}],"version-history":[{"count":19,"href":"https:\/\/mecengenharia.net.br\/site\/wp-json\/wp\/v2\/pages\/2666\/revisions"}],"predecessor-version":[{"id":2746,"href":"https:\/\/mecengenharia.net.br\/site\/wp-json\/wp\/v2\/pages\/2666\/revisions\/2746"}],"wp:attachment":[{"href":"https:\/\/mecengenharia.net.br\/site\/wp-json\/wp\/v2\/media?parent=2666"}],"curies":[{"name":"wp","href":"https:\/\/api.w.org\/{rel}","templated":true}]}}