{"id":2715,"date":"2016-04-12T23:00:36","date_gmt":"2016-04-13T02:00:36","guid":{"rendered":"http:\/\/mecengenharia.net.br\/site\/?page_id=2715"},"modified":"2017-09-26T17:41:45","modified_gmt":"2017-09-26T20:41:45","slug":"inspecoes-e-ensaios-nao-destrutivos-de-solda","status":"publish","type":"page","link":"https:\/\/mecengenharia.net.br\/site\/inspecoes-e-ensaios-nao-destrutivos-de-solda\/","title":{"rendered":"Inspe\u00e7\u00f5es e Ensaios N\u00e3o-Destrutivos de Solda"},"content":{"rendered":"<p>Inspe\u00e7\u00f5es e Ensaios N\u00e3o-Destrutivos de Solda<\/p>\n<div class=\"divider-wrap\" data-alignment=\"default\"><div style=\"height: 20px;\" class=\"divider\"><\/div><\/div>[nectar_portfolio layout=&#8221;4&#8243; category=&#8221;inspecoes-e-ensaios-nao-destrutivos-de-solda&#8221; project_style=&#8221;4&#8243; masonry_style=&#8221;true&#8221; lightbox_only=&#8221;true&#8221; load_in_animation=&#8221;none&#8221;]\n[vc_row type=&#8221;in_container&#8221; scene_position=&#8221;center&#8221; text_color=&#8221;dark&#8221; text_align=&#8221;left&#8221; overlay_strength=&#8221;0.3&#8243;][vc_column column_padding=&#8221;no-extra-padding&#8221; column_padding_position=&#8221;all&#8221; background_color_opacity=&#8221;1&#8243; background_hover_color_opacity=&#8221;1&#8243; width=&#8221;1\/1&#8243;]\n<p><a href=\"http:\/\/mecengenharia.net.br\/site\/wp-content\/uploads\/2016\/04\/IMG-20160811-WA0036.jpg\"><img loading=\"lazy\" decoding=\"async\" class=\"alignnone wp-image-3172 size-medium\" src=\"http:\/\/mecengenharia.net.br\/site\/wp-content\/uploads\/2016\/04\/IMG-20160811-WA0036-169x300.jpg\" alt=\"IMG-20160811-WA0036\" width=\"169\" height=\"300\" srcset=\"https:\/\/mecengenharia.net.br\/site\/wp-content\/uploads\/2016\/04\/IMG-20160811-WA0036-169x300.jpg 169w, https:\/\/mecengenharia.net.br\/site\/wp-content\/uploads\/2016\/04\/IMG-20160811-WA0036-576x1024.jpg 576w, https:\/\/mecengenharia.net.br\/site\/wp-content\/uploads\/2016\/04\/IMG-20160811-WA0036.jpg 581w\" sizes=\"(max-width: 169px) 100vw, 169px\" \/><\/a>\u00a0 \u00a0 \u00a0 \u00a0\u00a0<img loading=\"lazy\" decoding=\"async\" class=\"alignnone size-medium wp-image-3166\" src=\"http:\/\/mecengenharia.net.br\/site\/wp-content\/uploads\/2016\/04\/IMG-20160922-WA0036-169x300.jpg\" alt=\"IMG-20160922-WA0036\" width=\"169\" height=\"300\" srcset=\"https:\/\/mecengenharia.net.br\/site\/wp-content\/uploads\/2016\/04\/IMG-20160922-WA0036-169x300.jpg 169w, https:\/\/mecengenharia.net.br\/site\/wp-content\/uploads\/2016\/04\/IMG-20160922-WA0036-576x1024.jpg 576w, https:\/\/mecengenharia.net.br\/site\/wp-content\/uploads\/2016\/04\/IMG-20160922-WA0036.jpg 720w\" sizes=\"(max-width: 169px) 100vw, 169px\" \/>\u00a0 \u00a0 \u00a0 \u00a0\u00a0<img loading=\"lazy\" decoding=\"async\" class=\"alignnone size-medium wp-image-3171\" src=\"http:\/\/mecengenharia.net.br\/site\/wp-content\/uploads\/2016\/04\/IMG-20160811-WA0028-169x300.jpg\" alt=\"IMG-20160811-WA0028\" width=\"169\" height=\"300\" srcset=\"https:\/\/mecengenharia.net.br\/site\/wp-content\/uploads\/2016\/04\/IMG-20160811-WA0028-169x300.jpg 169w, https:\/\/mecengenharia.net.br\/site\/wp-content\/uploads\/2016\/04\/IMG-20160811-WA0028-576x1024.jpg 576w, https:\/\/mecengenharia.net.br\/site\/wp-content\/uploads\/2016\/04\/IMG-20160811-WA0028.jpg 581w\" sizes=\"(max-width: 169px) 100vw, 169px\" \/>\u00a0 \u00a0 \u00a0 \u00a0\u00a0<img loading=\"lazy\" decoding=\"async\" class=\"alignnone size-medium wp-image-3154\" src=\"http:\/\/mecengenharia.net.br\/site\/wp-content\/uploads\/2016\/04\/IMG-20160824-WA0007-169x300.jpg\" alt=\"IMG-20160824-WA0007\" width=\"169\" height=\"300\" srcset=\"https:\/\/mecengenharia.net.br\/site\/wp-content\/uploads\/2016\/04\/IMG-20160824-WA0007-169x300.jpg 169w, https:\/\/mecengenharia.net.br\/site\/wp-content\/uploads\/2016\/04\/IMG-20160824-WA0007-576x1024.jpg 576w, https:\/\/mecengenharia.net.br\/site\/wp-content\/uploads\/2016\/04\/IMG-20160824-WA0007.jpg 581w\" sizes=\"(max-width: 169px) 100vw, 169px\" \/><\/p>\n<p><img loading=\"lazy\" decoding=\"async\" class=\"alignnone wp-image-3193\" src=\"http:\/\/mecengenharia.net.br\/site\/wp-content\/uploads\/2016\/04\/IMG-20160607-WA0029-300x169.jpg\" alt=\"IMG-20160607-WA0029\" width=\"369\" height=\"208\" srcset=\"https:\/\/mecengenharia.net.br\/site\/wp-content\/uploads\/2016\/04\/IMG-20160607-WA0029-300x169.jpg 300w, https:\/\/mecengenharia.net.br\/site\/wp-content\/uploads\/2016\/04\/IMG-20160607-WA0029-768x432.jpg 768w, https:\/\/mecengenharia.net.br\/site\/wp-content\/uploads\/2016\/04\/IMG-20160607-WA0029-1024x576.jpg 1024w, https:\/\/mecengenharia.net.br\/site\/wp-content\/uploads\/2016\/04\/IMG-20160607-WA0029.jpg 1032w\" sizes=\"(max-width: 369px) 100vw, 369px\" \/>\u00a0 \u00a0 \u00a0<img loading=\"lazy\" decoding=\"async\" class=\"alignnone wp-image-3167\" src=\"http:\/\/mecengenharia.net.br\/site\/wp-content\/uploads\/2016\/04\/IMG-20160623-WA0018-300x169.jpg\" alt=\"IMG-20160623-WA0018\" width=\"371\" height=\"209\" srcset=\"https:\/\/mecengenharia.net.br\/site\/wp-content\/uploads\/2016\/04\/IMG-20160623-WA0018-300x169.jpg 300w, https:\/\/mecengenharia.net.br\/site\/wp-content\/uploads\/2016\/04\/IMG-20160623-WA0018-768x432.jpg 768w, https:\/\/mecengenharia.net.br\/site\/wp-content\/uploads\/2016\/04\/IMG-20160623-WA0018-1024x576.jpg 1024w, https:\/\/mecengenharia.net.br\/site\/wp-content\/uploads\/2016\/04\/IMG-20160623-WA0018.jpg 1280w\" sizes=\"(max-width: 371px) 100vw, 371px\" \/><\/p>\n<p><img loading=\"lazy\" decoding=\"async\" class=\"alignnone wp-image-3165\" src=\"http:\/\/mecengenharia.net.br\/site\/wp-content\/uploads\/2016\/04\/IMG-20160316-WA0008-300x169.jpg\" alt=\"IMG-20160316-WA0008\" width=\"369\" height=\"208\" srcset=\"https:\/\/mecengenharia.net.br\/site\/wp-content\/uploads\/2016\/04\/IMG-20160316-WA0008-300x169.jpg 300w, https:\/\/mecengenharia.net.br\/site\/wp-content\/uploads\/2016\/04\/IMG-20160316-WA0008-768x432.jpg 768w, https:\/\/mecengenharia.net.br\/site\/wp-content\/uploads\/2016\/04\/IMG-20160316-WA0008-1024x576.jpg 1024w, https:\/\/mecengenharia.net.br\/site\/wp-content\/uploads\/2016\/04\/IMG-20160316-WA0008.jpg 1032w\" sizes=\"(max-width: 369px) 100vw, 369px\" \/><\/p>\n","protected":false},"excerpt":{"rendered":"<p>Inspe\u00e7\u00f5es e Ensaios N\u00e3o-Destrutivos de Solda [nectar_portfolio layout=&#8221;4&#8243; category=&#8221;inspecoes-e-ensaios-nao-destrutivos-de-solda&#8221; project_style=&#8221;4&#8243; masonry_style=&#8221;true&#8221; lightbox_only=&#8221;true&#8221; load_in_animation=&#8221;none&#8221;] [vc_row type=&#8221;in_container&#8221; scene_position=&#8221;center&#8221; text_color=&#8221;dark&#8221; text_align=&#8221;left&#8221; overlay_strength=&#8221;0.3&#8243;][vc_column column_padding=&#8221;no-extra-padding&#8221; column_padding_position=&#8221;all&#8221; background_color_opacity=&#8221;1&#8243; background_hover_color_opacity=&#8221;1&#8243; width=&#8221;1\/1&#8243;] \u00a0 \u00a0 \u00a0 \u00a0\u00a0\u00a0 \u00a0 \u00a0&#8230;<\/p>\n","protected":false},"author":1,"featured_media":0,"parent":0,"menu_order":0,"comment_status":"closed","ping_status":"closed","template":"","meta":{"footnotes":""},"_links":{"self":[{"href":"https:\/\/mecengenharia.net.br\/site\/wp-json\/wp\/v2\/pages\/2715"}],"collection":[{"href":"https:\/\/mecengenharia.net.br\/site\/wp-json\/wp\/v2\/pages"}],"about":[{"href":"https:\/\/mecengenharia.net.br\/site\/wp-json\/wp\/v2\/types\/page"}],"author":[{"embeddable":true,"href":"https:\/\/mecengenharia.net.br\/site\/wp-json\/wp\/v2\/users\/1"}],"replies":[{"embeddable":true,"href":"https:\/\/mecengenharia.net.br\/site\/wp-json\/wp\/v2\/comments?post=2715"}],"version-history":[{"count":16,"href":"https:\/\/mecengenharia.net.br\/site\/wp-json\/wp\/v2\/pages\/2715\/revisions"}],"predecessor-version":[{"id":3210,"href":"https:\/\/mecengenharia.net.br\/site\/wp-json\/wp\/v2\/pages\/2715\/revisions\/3210"}],"wp:attachment":[{"href":"https:\/\/mecengenharia.net.br\/site\/wp-json\/wp\/v2\/media?parent=2715"}],"curies":[{"name":"wp","href":"https:\/\/api.w.org\/{rel}","templated":true}]}}