{"id":3061,"date":"2016-04-14T14:10:45","date_gmt":"2016-04-14T17:10:45","guid":{"rendered":"http:\/\/mecengenharia.net.br\/site\/?page_id=3061"},"modified":"2016-04-19T14:29:31","modified_gmt":"2016-04-19T17:29:31","slug":"manutencao-montagem-e-soldagem-de-tubulacoes-e-valvulas-na-industria-petroquimica","status":"publish","type":"page","link":"https:\/\/mecengenharia.net.br\/site\/manutencao-montagem-e-soldagem-de-tubulacoes-e-valvulas-na-industria-petroquimica\/","title":{"rendered":"Manuten\u00e7\u00e3o, Montagem e Soldagem de Tubula\u00e7\u00f5es e V\u00e1lvulas na Ind\u00fastria Petroqu\u00edmica"},"content":{"rendered":"[vc_row type=&#8221;in_container&#8221; scene_position=&#8221;center&#8221; text_color=&#8221;dark&#8221; text_align=&#8221;left&#8221; overlay_strength=&#8221;0.3&#8243;][vc_column column_padding=&#8221;no-extra-padding&#8221; column_padding_position=&#8221;all&#8221; background_color_opacity=&#8221;1&#8243; background_hover_color_opacity=&#8221;1&#8243; width=&#8221;1\/1&#8243;][vc_column_text]\n<h3>Manuten\u00e7\u00e3o, Montagem e Soldagem de Tubula\u00e7\u00f5es e V\u00e1lvulas na Ind\u00fastria Petroqu\u00edmica<\/h3>\n[\/vc_column_text]<div class=\"divider-wrap\" data-alignment=\"default\"><div style=\"height: 20px;\" class=\"divider\"><\/div><\/div>[nectar_portfolio layout=&#8221;4&#8243; category=&#8221;manutencao-montagem-e-soldagem-de-tubulacoes-e-valvulas-na-industria-petroquimica&#8221; project_style=&#8221;4&#8243; masonry_style=&#8221;true&#8221; lightbox_only=&#8221;true&#8221; load_in_animation=&#8221;none&#8221;][\/vc_column][\/vc_row]\n","protected":false},"excerpt":{"rendered":"<p>[vc_row type=&#8221;in_container&#8221; scene_position=&#8221;center&#8221; text_color=&#8221;dark&#8221; text_align=&#8221;left&#8221; overlay_strength=&#8221;0.3&#8243;][vc_column column_padding=&#8221;no-extra-padding&#8221; column_padding_position=&#8221;all&#8221; background_color_opacity=&#8221;1&#8243; background_hover_color_opacity=&#8221;1&#8243; width=&#8221;1\/1&#8243;][vc_column_text] Manuten\u00e7\u00e3o, Montagem e Soldagem de Tubula\u00e7\u00f5es e V\u00e1lvulas na Ind\u00fastria Petroqu\u00edmica [\/vc_column_text][nectar_portfolio layout=&#8221;4&#8243; category=&#8221;manutencao-montagem-e-soldagem-de-tubulacoes-e-valvulas-na-industria-petroquimica&#8221; project_style=&#8221;4&#8243; masonry_style=&#8221;true&#8221; lightbox_only=&#8221;true&#8221; load_in_animation=&#8221;none&#8221;][\/vc_column][\/vc_row]<\/p>\n","protected":false},"author":1,"featured_media":0,"parent":0,"menu_order":0,"comment_status":"closed","ping_status":"closed","template":"","meta":{"footnotes":""},"_links":{"self":[{"href":"https:\/\/mecengenharia.net.br\/site\/wp-json\/wp\/v2\/pages\/3061"}],"collection":[{"href":"https:\/\/mecengenharia.net.br\/site\/wp-json\/wp\/v2\/pages"}],"about":[{"href":"https:\/\/mecengenharia.net.br\/site\/wp-json\/wp\/v2\/types\/page"}],"author":[{"embeddable":true,"href":"https:\/\/mecengenharia.net.br\/site\/wp-json\/wp\/v2\/users\/1"}],"replies":[{"embeddable":true,"href":"https:\/\/mecengenharia.net.br\/site\/wp-json\/wp\/v2\/comments?post=3061"}],"version-history":[{"count":3,"href":"https:\/\/mecengenharia.net.br\/site\/wp-json\/wp\/v2\/pages\/3061\/revisions"}],"predecessor-version":[{"id":3138,"href":"https:\/\/mecengenharia.net.br\/site\/wp-json\/wp\/v2\/pages\/3061\/revisions\/3138"}],"wp:attachment":[{"href":"https:\/\/mecengenharia.net.br\/site\/wp-json\/wp\/v2\/media?parent=3061"}],"curies":[{"name":"wp","href":"https:\/\/api.w.org\/{rel}","templated":true}]}}